{"id":42,"date":"2025-08-05T13:36:16","date_gmt":"2025-08-05T13:36:16","guid":{"rendered":"https:\/\/crp.rs\/?page_id=42"},"modified":"2025-09-14T13:21:12","modified_gmt":"2025-09-14T13:21:12","slug":"kako-mozes-da-pomognes","status":"publish","type":"page","link":"https:\/\/crp.rs\/index.php\/kako-mozes-da-pomognes\/","title":{"rendered":"Kako mo\u017ee\u0161 da pomogne\u0161?"},"content":{"rendered":"\n<figure class=\"wp-block-image size-large is-resized\"><img loading=\"lazy\" decoding=\"async\" width=\"1024\" height=\"341\" src=\"https:\/\/crp.rs\/wp-content\/uploads\/2025\/09\/21-sajt-1024x341.png\" alt=\"\" class=\"wp-image-2042\" style=\"width:1178px;height:auto\" srcset=\"https:\/\/crp.rs\/wp-content\/uploads\/2025\/09\/21-sajt-1024x341.png 1024w, https:\/\/crp.rs\/wp-content\/uploads\/2025\/09\/21-sajt-300x100.png 300w, https:\/\/crp.rs\/wp-content\/uploads\/2025\/09\/21-sajt-768x256.png 768w, https:\/\/crp.rs\/wp-content\/uploads\/2025\/09\/21-sajt-1536x512.png 1536w, https:\/\/crp.rs\/wp-content\/uploads\/2025\/09\/21-sajt-2048x683.png 2048w\" sizes=\"auto, (max-width: 1024px) 100vw, 1024px\" \/><\/figure>\n\n\n\n<h3 class=\"wp-block-heading\">Na\u0161a snaga dolazi od ljudi koji veruju u promene i \u017eele da doprinesu. Postoji vi\u0161e na\u010dina da se uklju\u010dite:<\/h3>\n\n\n\n<p><\/p>\n\n\n\n<ul class=\"wp-block-list\">\n<li><strong>Budite posmatra\u010d na izborima<\/strong> \u2013 Va\u0161e prisustvo i anga\u017eman na terenu poma\u017eu da izborni proces bude pravedniji i transparentniji.<\/li>\n\n\n\n<li><strong>Postanite pokreta\u010d i deo organizacije<\/strong> \u2013 Uklju\u010dite se aktivno u na\u0161 rad, doprinesite idejama i akcijama koje ja\u010daju zajednicu.<\/li>\n\n\n\n<li><strong>Podr\u017eite nas donacijom<\/strong> \u2013 Va\u0161a finansijska podr\u0161ka omogu\u0107ava nam da nastavimo borbu za demokratske vrednosti i gra\u0111anska prava.<\/li>\n<\/ul>\n\n\n\n<p>Zajedno mo\u017eemo u\u010diniti da na\u0161 glas bude sna\u017eniji i da promenimo dru\u0161tvo na bolje.<\/p>\n\n\n\n<div id=\"wp-block-themeisle-blocks-button-group-7b911347\" class=\"wp-block-themeisle-blocks-button-group wp-block-buttons align-center-desktop\">\n<div id=\"wp-block-themeisle-blocks-button-19b5420f\" class=\"wp-block-themeisle-blocks-button wp-block-button\"><a href=\"\/index.php\/posmatraj-izbore\/\" target=\"_self\" rel=\"noopener noreferrer\" class=\"wp-block-button__link\"><span>\u017delim da budem Posmatra\u010d<\/span><\/a><\/div>\n\n\n\n<div id=\"wp-block-themeisle-blocks-button-e2cf50f3\" class=\"wp-block-themeisle-blocks-button wp-block-button\"><a href=\"\/index.php\/pokretaci\/\" target=\"_self\" rel=\"noopener noreferrer\" class=\"wp-block-button__link\"><span>\u017delim da postanem Pokreta\u010d<\/span><\/a><\/div>\n\n\n\n<div id=\"wp-block-themeisle-blocks-button-2f36a4dc\" class=\"wp-block-themeisle-blocks-button wp-block-button\"><a href=\"\/index.php\/doniraj\/\" target=\"_self\" rel=\"noopener noreferrer\" class=\"wp-block-button__link\"><span>\u017delim da izvr\u0161im donaciju<\/span><\/a><\/div>\n<\/div>\n","protected":false},"excerpt":{"rendered":"<p>Na\u0161a snaga dolazi od ljudi koji veruju u promene i \u017eele da doprinesu. Postoji vi\u0161e na\u010dina da se uklju\u010dite: Zajedno mo\u017eemo u\u010diniti da na\u0161 glas bude sna\u017eniji i da promenimo dru\u0161tvo na bolje.<\/p>\n","protected":false},"author":1,"featured_media":0,"parent":0,"menu_order":0,"comment_status":"closed","ping_status":"closed","template":"","meta":{"_acf_changed":false,"_themeisle_gutenberg_block_has_review":false,"_kadence_starter_templates_imported_post":false,"_kad_post_transparent":"","_kad_post_title":"","_kad_post_layout":"","_kad_post_sidebar_id":"","_kad_post_content_style":"","_kad_post_vertical_padding":"","_kad_post_feature":"","_kad_post_feature_position":"","_kad_post_header":false,"_kad_post_footer":false,"footnotes":""},"class_list":["post-42","page","type-page","status-publish","hentry"],"acf":[],"yoast_head":"<!-- This site is optimized with the Yoast SEO plugin v25.8 - https:\/\/yoast.com\/wordpress\/plugins\/seo\/ -->\n<title>Kako mo\u017ee\u0161 da pomogne\u0161? - CRP<\/title>\n<meta name=\"robots\" content=\"index, follow, max-snippet:-1, max-image-preview:large, max-video-preview:-1\" \/>\n<link rel=\"canonical\" href=\"https:\/\/crp.rs\/index.php\/kako-mozes-da-pomognes\/\" \/>\n<meta property=\"og:locale\" content=\"sr_RS\" \/>\n<meta property=\"og:type\" content=\"article\" \/>\n<meta property=\"og:title\" content=\"Kako mo\u017ee\u0161 da pomogne\u0161? - CRP\" \/>\n<meta property=\"og:description\" content=\"Na\u0161a snaga dolazi od ljudi koji veruju u promene i \u017eele da doprinesu. Postoji vi\u0161e na\u010dina da se uklju\u010dite: Zajedno mo\u017eemo u\u010diniti da na\u0161 glas bude sna\u017eniji i da promenimo dru\u0161tvo na bolje.\" \/>\n<meta property=\"og:url\" content=\"https:\/\/crp.rs\/index.php\/kako-mozes-da-pomognes\/\" \/>\n<meta property=\"og:site_name\" content=\"CRP\" \/>\n<meta property=\"article:modified_time\" content=\"2025-09-14T13:21:12+00:00\" \/>\n<meta property=\"og:image\" content=\"https:\/\/crp.rs\/wp-content\/uploads\/2025\/09\/21-sajt-scaled.png\" \/>\n\t<meta property=\"og:image:width\" content=\"2560\" \/>\n\t<meta property=\"og:image:height\" content=\"853\" \/>\n\t<meta property=\"og:image:type\" content=\"image\/png\" \/>\n<meta name=\"twitter:card\" content=\"summary_large_image\" \/>\n<meta name=\"twitter:label1\" content=\"\u041f\u0440\u043e\u0446\u0435\u045a\u0435\u043d\u043e \u0432\u0440\u0435\u043c\u0435 \u0447\u0438\u0442\u0430\u045a\u0430\" \/>\n\t<meta name=\"twitter:data1\" content=\"1 \u043c\u0438\u043d\u0443\u0442\" \/>\n<script type=\"application\/ld+json\" class=\"yoast-schema-graph\">{\"@context\":\"https:\/\/schema.org\",\"@graph\":[{\"@type\":\"WebPage\",\"@id\":\"https:\/\/crp.rs\/index.php\/kako-mozes-da-pomognes\/\",\"url\":\"https:\/\/crp.rs\/index.php\/kako-mozes-da-pomognes\/\",\"name\":\"Kako mo\u017ee\u0161 da pomogne\u0161? - CRP\",\"isPartOf\":{\"@id\":\"https:\/\/crp.rs\/#website\"},\"primaryImageOfPage\":{\"@id\":\"https:\/\/crp.rs\/index.php\/kako-mozes-da-pomognes\/#primaryimage\"},\"image\":{\"@id\":\"https:\/\/crp.rs\/index.php\/kako-mozes-da-pomognes\/#primaryimage\"},\"thumbnailUrl\":\"https:\/\/crp.rs\/wp-content\/uploads\/2025\/09\/21-sajt-1024x341.png\",\"datePublished\":\"2025-08-05T13:36:16+00:00\",\"dateModified\":\"2025-09-14T13:21:12+00:00\",\"breadcrumb\":{\"@id\":\"https:\/\/crp.rs\/index.php\/kako-mozes-da-pomognes\/#breadcrumb\"},\"inLanguage\":\"sr-RS\",\"potentialAction\":[{\"@type\":\"ReadAction\",\"target\":[\"https:\/\/crp.rs\/index.php\/kako-mozes-da-pomognes\/\"]}]},{\"@type\":\"ImageObject\",\"inLanguage\":\"sr-RS\",\"@id\":\"https:\/\/crp.rs\/index.php\/kako-mozes-da-pomognes\/#primaryimage\",\"url\":\"https:\/\/crp.rs\/wp-content\/uploads\/2025\/09\/21-sajt-scaled.png\",\"contentUrl\":\"https:\/\/crp.rs\/wp-content\/uploads\/2025\/09\/21-sajt-scaled.png\",\"width\":2560,\"height\":853},{\"@type\":\"BreadcrumbList\",\"@id\":\"https:\/\/crp.rs\/index.php\/kako-mozes-da-pomognes\/#breadcrumb\",\"itemListElement\":[{\"@type\":\"ListItem\",\"position\":1,\"name\":\"\u041f\u043e\u0447\u0435\u0442\u043d\u0430\",\"item\":\"https:\/\/crp.rs\/\"},{\"@type\":\"ListItem\",\"position\":2,\"name\":\"Kako mo\u017ee\u0161 da pomogne\u0161?\"}]},{\"@type\":\"WebSite\",\"@id\":\"https:\/\/crp.rs\/#website\",\"url\":\"https:\/\/crp.rs\/\",\"name\":\"CRP\",\"description\":\"Centar za Razvoj Pomoravlja\",\"publisher\":{\"@id\":\"https:\/\/crp.rs\/#organization\"},\"potentialAction\":[{\"@type\":\"SearchAction\",\"target\":{\"@type\":\"EntryPoint\",\"urlTemplate\":\"https:\/\/crp.rs\/?s={search_term_string}\"},\"query-input\":{\"@type\":\"PropertyValueSpecification\",\"valueRequired\":true,\"valueName\":\"search_term_string\"}}],\"inLanguage\":\"sr-RS\"},{\"@type\":\"Organization\",\"@id\":\"https:\/\/crp.rs\/#organization\",\"name\":\"CRP\",\"url\":\"https:\/\/crp.rs\/\",\"logo\":{\"@type\":\"ImageObject\",\"inLanguage\":\"sr-RS\",\"@id\":\"https:\/\/crp.rs\/#\/schema\/logo\/image\/\",\"url\":\"https:\/\/crp.rs\/wp-content\/uploads\/2025\/09\/cropped-CRP-LOGO-SAJT.png\",\"contentUrl\":\"https:\/\/crp.rs\/wp-content\/uploads\/2025\/09\/cropped-CRP-LOGO-SAJT.png\",\"width\":1667,\"height\":667,\"caption\":\"CRP\"},\"image\":{\"@id\":\"https:\/\/crp.rs\/#\/schema\/logo\/image\/\"}}]}<\/script>\n<!-- \/ Yoast SEO plugin. -->","yoast_head_json":{"title":"Kako mo\u017ee\u0161 da pomogne\u0161? - CRP","robots":{"index":"index","follow":"follow","max-snippet":"max-snippet:-1","max-image-preview":"max-image-preview:large","max-video-preview":"max-video-preview:-1"},"canonical":"https:\/\/crp.rs\/index.php\/kako-mozes-da-pomognes\/","og_locale":"sr_RS","og_type":"article","og_title":"Kako mo\u017ee\u0161 da pomogne\u0161? - CRP","og_description":"Na\u0161a snaga dolazi od ljudi koji veruju u promene i \u017eele da doprinesu. Postoji vi\u0161e na\u010dina da se uklju\u010dite: Zajedno mo\u017eemo u\u010diniti da na\u0161 glas bude sna\u017eniji i da promenimo dru\u0161tvo na bolje.","og_url":"https:\/\/crp.rs\/index.php\/kako-mozes-da-pomognes\/","og_site_name":"CRP","article_modified_time":"2025-09-14T13:21:12+00:00","og_image":[{"width":2560,"height":853,"url":"https:\/\/crp.rs\/wp-content\/uploads\/2025\/09\/21-sajt-scaled.png","type":"image\/png"}],"twitter_card":"summary_large_image","twitter_misc":{"\u041f\u0440\u043e\u0446\u0435\u045a\u0435\u043d\u043e \u0432\u0440\u0435\u043c\u0435 \u0447\u0438\u0442\u0430\u045a\u0430":"1 \u043c\u0438\u043d\u0443\u0442"},"schema":{"@context":"https:\/\/schema.org","@graph":[{"@type":"WebPage","@id":"https:\/\/crp.rs\/index.php\/kako-mozes-da-pomognes\/","url":"https:\/\/crp.rs\/index.php\/kako-mozes-da-pomognes\/","name":"Kako mo\u017ee\u0161 da pomogne\u0161? - CRP","isPartOf":{"@id":"https:\/\/crp.rs\/#website"},"primaryImageOfPage":{"@id":"https:\/\/crp.rs\/index.php\/kako-mozes-da-pomognes\/#primaryimage"},"image":{"@id":"https:\/\/crp.rs\/index.php\/kako-mozes-da-pomognes\/#primaryimage"},"thumbnailUrl":"https:\/\/crp.rs\/wp-content\/uploads\/2025\/09\/21-sajt-1024x341.png","datePublished":"2025-08-05T13:36:16+00:00","dateModified":"2025-09-14T13:21:12+00:00","breadcrumb":{"@id":"https:\/\/crp.rs\/index.php\/kako-mozes-da-pomognes\/#breadcrumb"},"inLanguage":"sr-RS","potentialAction":[{"@type":"ReadAction","target":["https:\/\/crp.rs\/index.php\/kako-mozes-da-pomognes\/"]}]},{"@type":"ImageObject","inLanguage":"sr-RS","@id":"https:\/\/crp.rs\/index.php\/kako-mozes-da-pomognes\/#primaryimage","url":"https:\/\/crp.rs\/wp-content\/uploads\/2025\/09\/21-sajt-scaled.png","contentUrl":"https:\/\/crp.rs\/wp-content\/uploads\/2025\/09\/21-sajt-scaled.png","width":2560,"height":853},{"@type":"BreadcrumbList","@id":"https:\/\/crp.rs\/index.php\/kako-mozes-da-pomognes\/#breadcrumb","itemListElement":[{"@type":"ListItem","position":1,"name":"\u041f\u043e\u0447\u0435\u0442\u043d\u0430","item":"https:\/\/crp.rs\/"},{"@type":"ListItem","position":2,"name":"Kako mo\u017ee\u0161 da pomogne\u0161?"}]},{"@type":"WebSite","@id":"https:\/\/crp.rs\/#website","url":"https:\/\/crp.rs\/","name":"CRP","description":"Centar za Razvoj Pomoravlja","publisher":{"@id":"https:\/\/crp.rs\/#organization"},"potentialAction":[{"@type":"SearchAction","target":{"@type":"EntryPoint","urlTemplate":"https:\/\/crp.rs\/?s={search_term_string}"},"query-input":{"@type":"PropertyValueSpecification","valueRequired":true,"valueName":"search_term_string"}}],"inLanguage":"sr-RS"},{"@type":"Organization","@id":"https:\/\/crp.rs\/#organization","name":"CRP","url":"https:\/\/crp.rs\/","logo":{"@type":"ImageObject","inLanguage":"sr-RS","@id":"https:\/\/crp.rs\/#\/schema\/logo\/image\/","url":"https:\/\/crp.rs\/wp-content\/uploads\/2025\/09\/cropped-CRP-LOGO-SAJT.png","contentUrl":"https:\/\/crp.rs\/wp-content\/uploads\/2025\/09\/cropped-CRP-LOGO-SAJT.png","width":1667,"height":667,"caption":"CRP"},"image":{"@id":"https:\/\/crp.rs\/#\/schema\/logo\/image\/"}}]}},"_links":{"self":[{"href":"https:\/\/crp.rs\/index.php\/wp-json\/wp\/v2\/pages\/42","targetHints":{"allow":["GET"]}}],"collection":[{"href":"https:\/\/crp.rs\/index.php\/wp-json\/wp\/v2\/pages"}],"about":[{"href":"https:\/\/crp.rs\/index.php\/wp-json\/wp\/v2\/types\/page"}],"author":[{"embeddable":true,"href":"https:\/\/crp.rs\/index.php\/wp-json\/wp\/v2\/users\/1"}],"replies":[{"embeddable":true,"href":"https:\/\/crp.rs\/index.php\/wp-json\/wp\/v2\/comments?post=42"}],"version-history":[{"count":10,"href":"https:\/\/crp.rs\/index.php\/wp-json\/wp\/v2\/pages\/42\/revisions"}],"predecessor-version":[{"id":2045,"href":"https:\/\/crp.rs\/index.php\/wp-json\/wp\/v2\/pages\/42\/revisions\/2045"}],"wp:attachment":[{"href":"https:\/\/crp.rs\/index.php\/wp-json\/wp\/v2\/media?parent=42"}],"curies":[{"name":"wp","href":"https:\/\/api.w.org\/{rel}","templated":true}]}}